{"id":2220,"date":"2019-02-06T16:30:15","date_gmt":"2019-02-06T16:30:15","guid":{"rendered":"https:\/\/foursquaremultiply.org\/?page_id=1390"},"modified":"2025-07-31T20:08:54","modified_gmt":"2025-07-31T20:08:54","slug":"faq","status":"publish","type":"page","link":"http:\/\/foursquaremultiply.org\/es\/faq\/","title":{"rendered":"Preguntas Frecuentes"},"content":{"rendered":"<p><div class=\"fusion-fullwidth fullwidth-box fusion-builder-row-1 fusion-flex-container fusion-parallax-none hundred-percent-fullwidth non-hundred-percent-height-scrolling lazyload\" style=\"--awb-border-radius-top-left:0px;--awb-border-radius-top-right:0px;--awb-border-radius-bottom-right:0px;--awb-border-radius-bottom-left:0px;--awb-padding-top:5%;--awb-padding-right:10%;--awb-padding-bottom:5%;--awb-padding-left:10%;--awb-margin-top:0px;--awb-background-size:cover;--awb-flex-wrap:wrap;\" data-bg=\"https:\/\/foursquaremultiply.org\/wp-content\/uploads\/2021\/11\/faq_header-e1637213085465.jpg\" ><div class=\"fusion-builder-row fusion-row fusion-flex-align-items-flex-start fusion-flex-content-wrap\" style=\"width:104% !important;max-width:104% !important;margin-left: calc(-4% \/ 2 );margin-right: calc(-4% \/ 2 );\"><div class=\"fusion-layout-column fusion_builder_column fusion-builder-column-0 fusion_builder_column_1_1 1_1 fusion-flex-column\" style=\"--awb-padding-top:3%;--awb-padding-right:10%;--awb-padding-bottom:3%;--awb-padding-left:10%;--awb-bg-color:#ffffff;--awb-bg-color-hover:#ffffff;--awb-bg-size:cover;--awb-width-large:100%;--awb-margin-top-large:0px;--awb-spacing-right-large:1.92%;--awb-margin-bottom-large:-15%;--awb-spacing-left-large:1.92%;--awb-width-medium:100%;--awb-spacing-right-medium:1.92%;--awb-spacing-left-medium:1.92%;--awb-width-small:100%;--awb-spacing-right-small:1.92%;--awb-spacing-left-small:1.92%;\"><div class=\"fusion-column-wrapper fusion-flex-justify-content-flex-start fusion-content-layout-column\"><div class=\"fusion-text fusion-text-1\"><h1 style=\"text-align: center;\">Preguntas Frecuentes<\/h1>\n<\/div><\/div><\/div><\/div><\/div><div class=\"fusion-fullwidth fullwidth-box fusion-builder-row-2 fusion-flex-container nonhundred-percent-fullwidth non-hundred-percent-height-scrolling\" style=\"--awb-border-radius-top-left:0px;--awb-border-radius-top-right:0px;--awb-border-radius-bottom-right:0px;--awb-border-radius-bottom-left:0px;--awb-padding-top:12%;--awb-padding-right:10%;--awb-padding-bottom:10%;--awb-padding-left:10%;--awb-margin-bottom:0px;--awb-background-color:#f2eeeb;--awb-flex-wrap:wrap;\" ><div class=\"fusion-builder-row fusion-row fusion-flex-align-items-flex-start fusion-flex-content-wrap\" style=\"max-width:1216.8px;margin-left: calc(-4% \/ 2 );margin-right: calc(-4% \/ 2 );\"><div class=\"fusion-layout-column fusion_builder_column fusion-builder-column-1 fusion_builder_column_1_1 1_1 fusion-flex-column\" style=\"--awb-bg-blend:overlay;--awb-bg-size:cover;--awb-width-large:100%;--awb-margin-top-large:0px;--awb-spacing-right-large:1.92%;--awb-margin-bottom-large:20px;--awb-spacing-left-large:1.92%;--awb-width-medium:100%;--awb-spacing-right-medium:1.92%;--awb-spacing-left-medium:1.92%;--awb-width-small:100%;--awb-spacing-right-small:1.92%;--awb-spacing-left-small:1.92%;\"><div class=\"fusion-column-wrapper fusion-flex-justify-content-flex-start fusion-content-layout-column\"><div class=\"fusion-separator fusion-no-medium-visibility fusion-no-large-visibility fusion-full-width-sep\" style=\"align-self: center;margin-left: auto;margin-right: auto;margin-top:50px;width:100%;\"><\/div>\n<div class=\"fusion-text fusion-text-2\"><h2>Pre-cohorte<\/h2>\n<\/div><div class=\"accordian fusion-accordian\" style=\"--awb-border-size:1px;--awb-icon-size:16px;--awb-content-font-size:14px;--awb-icon-alignment:left;--awb-hover-color:#f9f9f9;--awb-border-color:#cccccc;--awb-background-color:#ffffff;--awb-divider-color:#e0dede;--awb-divider-hover-color:#e0dede;--awb-icon-color:#ffffff;--awb-title-color:#6fb3bc;--awb-content-color:#4f4e4e;--awb-icon-box-color:#333333;--awb-toggle-hover-accent-color:#6db3bd;--awb-title-font-family:&quot;Poppins&quot;;--awb-title-font-weight:200;--awb-title-font-style:normal;--awb-title-font-size:14px;--awb-content-font-family:&quot;Poppins&quot;;--awb-content-font-style:normal;--awb-content-font-weight:200;\"><div class=\"panel-group fusion-toggle-icon-boxed\" id=\"accordion-2220-1\"><div class=\"fusion-panel panel-default panel-0062ad27083fa093a fusion-toggle-has-divider\"><div class=\"panel-heading\"><h4 class=\"panel-title toggle\" id=\"toggle_0062ad27083fa093a\"><a aria-expanded=\"false\" aria-controls=\"0062ad27083fa093a\" role=\"button\" data-toggle=\"collapse\" data-parent=\"#accordion-2220-1\" data-target=\"#0062ad27083fa093a\" href=\"#0062ad27083fa093a\"><span class=\"fusion-toggle-icon-wrapper\" aria-hidden=\"true\"><i class=\"fa-fusion-box active-icon awb-icon-minus\" aria-hidden=\"true\"><\/i><i class=\"fa-fusion-box inactive-icon awb-icon-plus\" aria-hidden=\"true\"><\/i><\/span><span class=\"fusion-toggle-heading\">\u00bfCu\u00e1l es mi primer paso para unirme a una cohorte?<\/span><\/a><\/h4><\/div><div id=\"0062ad27083fa093a\" class=\"panel-collapse collapse\" aria-labelledby=\"toggle_0062ad27083fa093a\"><div class=\"panel-body toggle-content fusion-clearfix\">\n<p>Su primer paso para unirse a una cohorte despu\u00e9s de hablar con su pastor principal es conectarse con un Catalizador para su regi\u00f3n. Puede encontrar el Catalizador para su regi\u00f3n <a href=\"https:\/\/foursquaremultiply.org\/who-is-multiply\/\">aqu\u00ed<\/a>.<\/p>\n<\/div><\/div><\/div><div class=\"fusion-panel panel-default panel-7885e19687beaf950 fusion-toggle-has-divider\"><div class=\"panel-heading\"><h4 class=\"panel-title toggle\" id=\"toggle_7885e19687beaf950\"><a aria-expanded=\"false\" aria-controls=\"7885e19687beaf950\" role=\"button\" data-toggle=\"collapse\" data-parent=\"#accordion-2220-1\" data-target=\"#7885e19687beaf950\" href=\"#7885e19687beaf950\"><span class=\"fusion-toggle-icon-wrapper\" aria-hidden=\"true\"><i class=\"fa-fusion-box active-icon awb-icon-minus\" aria-hidden=\"true\"><\/i><i class=\"fa-fusion-box inactive-icon awb-icon-plus\" aria-hidden=\"true\"><\/i><\/span><span class=\"fusion-toggle-heading\">\u00bfCon qui\u00e9n debo hablar si estoy explorando la idea de plantar iglesias y a\u00fan no estoy listo para unirme a una cohorte?<\/span><\/a><\/h4><\/div><div id=\"7885e19687beaf950\" class=\"panel-collapse collapse\" aria-labelledby=\"toggle_7885e19687beaf950\"><div class=\"panel-body toggle-content fusion-clearfix\">\n<p>\u00a1Nos encantar\u00eda conectarnos con usted y hablar con usted sobre la plantaci\u00f3n de iglesias! No dude en conectarse con nosotros en <a href=\"mailto:multiply@foursquare.org\">multiply@foursquare.org<\/a>. Tambi\u00e9n puede consultar la <a href=\"https:\/\/foursquaremultiply.org\/multiplyminute\/\">Pesta\u00f1a de Recursos<\/a> en nuestro sitio web para art\u00edculos e informaci\u00f3n sobre temas de plantaci\u00f3n de iglesias tambi\u00e9n.<\/p>\n<\/div><\/div><\/div><div class=\"fusion-panel panel-default panel-97949c58f5c1a7fb4 fusion-toggle-has-divider\" style=\"--awb-title-color:#6fb3bc;\"><div class=\"panel-heading\"><h4 class=\"panel-title toggle\" id=\"toggle_97949c58f5c1a7fb4\"><a aria-expanded=\"false\" aria-controls=\"97949c58f5c1a7fb4\" role=\"button\" data-toggle=\"collapse\" data-parent=\"#accordion-2220-1\" data-target=\"#97949c58f5c1a7fb4\" href=\"#97949c58f5c1a7fb4\"><span class=\"fusion-toggle-icon-wrapper\" aria-hidden=\"true\"><i class=\"fa-fusion-box active-icon awb-icon-minus\" aria-hidden=\"true\"><\/i><i class=\"fa-fusion-box inactive-icon awb-icon-plus\" aria-hidden=\"true\"><\/i><\/span><span class=\"fusion-toggle-heading\">\u00bfCu\u00e1l es la diferencia entre co-pastorear y co-plantar?<\/span><\/a><\/h4><\/div><div id=\"97949c58f5c1a7fb4\" class=\"panel-collapse collapse\" aria-labelledby=\"toggle_97949c58f5c1a7fb4\"><div class=\"panel-body toggle-content fusion-clearfix\">\n<p>Reconocemos que la trayectoria de cada plantador es diferente. Algunas personas planean <strong>y co-pastores<\/strong>, lo que significa compartir equitativamente el peso, las responsabilidades y la autoridad del pastoreo. <strong>co-plantaci\u00f3n<\/strong>, los c\u00f3nyuges o compa\u00f1eros de ministerio a\u00fan pueden compartir la responsabilidad de liderazgo y la edificaci\u00f3n de la iglesia, solo que sin la misma responsabilidad y autoridad.<\/p>\n<p>Para plantaciones que buscan <strong>co-pastoreo<\/strong> en Multiply, todos los participantes deber\u00e1n completar el proceso de admisi\u00f3n de Multiply. Si son aceptados, todos los participantes deber\u00e1n completar tareas, llamadas de grupo y retiros. Todos los participantes co-pastores tambi\u00e9n deben completar la credencial Cuadrangular, si a\u00fan no la tienen, dentro del primer a\u00f1o de capacitaci\u00f3n de Multiply. Si planea co-pastorear con su c\u00f3nyuge, puede completar una solicitud e incluir las respuestas de ambas personas. Si planea co-pastorear junto a alguien que no sea su c\u00f3nyuge, le pedimos que cada co-pastor complete una solicitud por separado.<\/p>\n<p>Para plantaciones que buscan <strong>co-plantaci\u00f3n<\/strong> con un c\u00f3nyuge u otras personas, solo el participante que ser\u00eda el plantador principal deber\u00e1 completar el proceso de admisi\u00f3n de Multiply. Solo el plantador principal deber\u00e1 completar la credencial Cuadrangular, si a\u00fan no est\u00e1 acreditado, deber\u00e1 hacerlo dentro del primer a\u00f1o de capacitaci\u00f3n de Multiply. Si es aceptado, solo el plantador principal deber\u00e1 participar en la capacitaci\u00f3n y los retiros en l\u00ednea (aunque recomendamos encarecidamente a los c\u00f3nyuges que est\u00e1n co-plantando que ambos asistan a los retiros).<\/p>\n<p>Para obtener m\u00e1s informaci\u00f3n sobre el co-pastoreo dentro de la denominaci\u00f3n Cuadrangular, consulte este documento: <a href=\"https:\/\/foursquaremultiply.org\/wp-content\/uploads\/2025\/10\/Co-PastorBrochure-1_Spanish.pdf\">Co-Pastor Brochure\u00a0<\/a><\/p>\n<\/div><\/div><\/div><\/div><\/div><\/div><\/div><div class=\"fusion-layout-column fusion_builder_column fusion-builder-column-2 fusion_builder_column_1_1 1_1 fusion-flex-column\" style=\"--awb-bg-blend:overlay;--awb-bg-size:cover;--awb-width-large:100%;--awb-margin-top-large:0px;--awb-spacing-right-large:1.92%;--awb-margin-bottom-large:20px;--awb-spacing-left-large:1.92%;--awb-width-medium:100%;--awb-spacing-right-medium:1.92%;--awb-spacing-left-medium:1.92%;--awb-width-small:100%;--awb-spacing-right-small:1.92%;--awb-spacing-left-small:1.92%;\"><div class=\"fusion-column-wrapper fusion-flex-justify-content-flex-start fusion-content-layout-column\"><div class=\"fusion-separator fusion-full-width-sep\" style=\"align-self: center;margin-left: auto;margin-right: auto;margin-top:20px;margin-bottom:20px;width:100%;\"><\/div><div class=\"fusion-text fusion-text-3\"><h2>Entrenamiento En L\u00ednea<\/h2>\n<\/div><div class=\"accordian fusion-accordian\" style=\"--awb-border-size:1px;--awb-icon-size:16px;--awb-content-font-size:14px;--awb-icon-alignment:left;--awb-hover-color:#f9f9f9;--awb-border-color:#cccccc;--awb-background-color:#ffffff;--awb-divider-color:#e0dede;--awb-divider-hover-color:#e0dede;--awb-icon-color:#ffffff;--awb-title-color:#6fb3bc;--awb-content-color:#4f4e4e;--awb-icon-box-color:#333333;--awb-toggle-hover-accent-color:#6db3bd;--awb-title-font-family:&quot;Poppins&quot;;--awb-title-font-weight:200;--awb-title-font-style:normal;--awb-title-font-size:14px;--awb-content-font-family:&quot;Poppins&quot;;--awb-content-font-style:normal;--awb-content-font-weight:200;\"><div class=\"panel-group fusion-toggle-icon-boxed\" id=\"accordion-2220-2\"><div class=\"fusion-panel panel-default panel-551531ba5993371b0 fusion-toggle-has-divider\"><div class=\"panel-heading\"><h4 class=\"panel-title toggle\" id=\"toggle_551531ba5993371b0\"><a aria-expanded=\"false\" aria-controls=\"551531ba5993371b0\" role=\"button\" data-toggle=\"collapse\" data-parent=\"#accordion-2220-2\" data-target=\"#551531ba5993371b0\" href=\"#551531ba5993371b0\"><span class=\"fusion-toggle-icon-wrapper\" aria-hidden=\"true\"><i class=\"fa-fusion-box active-icon awb-icon-minus\" aria-hidden=\"true\"><\/i><i class=\"fa-fusion-box inactive-icon awb-icon-plus\" aria-hidden=\"true\"><\/i><\/span><span class=\"fusion-toggle-heading\">\u00bfD\u00f3nde tiene lugar la cohorte en l\u00ednea?<\/span><\/a><\/h4><\/div><div id=\"551531ba5993371b0\" class=\"panel-collapse collapse\" aria-labelledby=\"toggle_551531ba5993371b0\"><div class=\"panel-body toggle-content fusion-clearfix\">\n<p>\u00a1La parte en l\u00ednea de todas nuestras cohortes de Foursquare Multiply se lleva a cabo en nuestro sitio web! Recibir\u00e1 acceso a ella, al comienzo de cada entrenamiento por parte de su coordinador de formaci\u00f3n.<\/p>\n<\/div><\/div><\/div><div class=\"fusion-panel panel-default panel-7f90f3f82f73ae0f6 fusion-toggle-has-divider\"><div class=\"panel-heading\"><h4 class=\"panel-title toggle\" id=\"toggle_7f90f3f82f73ae0f6\"><a aria-expanded=\"false\" aria-controls=\"7f90f3f82f73ae0f6\" role=\"button\" data-toggle=\"collapse\" data-parent=\"#accordion-2220-2\" data-target=\"#7f90f3f82f73ae0f6\" href=\"#7f90f3f82f73ae0f6\"><span class=\"fusion-toggle-icon-wrapper\" aria-hidden=\"true\"><i class=\"fa-fusion-box active-icon awb-icon-minus\" aria-hidden=\"true\"><\/i><i class=\"fa-fusion-box inactive-icon awb-icon-plus\" aria-hidden=\"true\"><\/i><\/span><span class=\"fusion-toggle-heading\">\u00bfTengo que completar el trabajo del curso a una hora determinada cada semana?<\/span><\/a><\/h4><\/div><div id=\"7f90f3f82f73ae0f6\" class=\"panel-collapse collapse\" aria-labelledby=\"toggle_7f90f3f82f73ae0f6\"><div class=\"panel-body toggle-content fusion-clearfix\">\n<p>\u00a1No! Funcionamos para ayudar a preparar a los estudiantes adultos para el \u00e9xito y completar el trabajo del curso en los momentos que mejor se adapten a ellos. Las \u00fanicas horas fijas en las que debe participar son las llamadas introductorias y las discusiones grupales que se llevan a cabo a trav\u00e9s de Zoom. Necesitar\u00e1 tener el trabajo asignado para el curso antes de la llamada de grupo la cual tnndr\u00e1 una fecha l\u00edmite de entrega \u00a1depende totalmente de usted!<\/p>\n<\/div><\/div><\/div><div class=\"fusion-panel panel-default panel-ac50f14fab31b02cd fusion-toggle-has-divider\" style=\"--awb-title-color:#6fb3bc;\"><div class=\"panel-heading\"><h4 class=\"panel-title toggle\" id=\"toggle_ac50f14fab31b02cd\"><a aria-expanded=\"false\" aria-controls=\"ac50f14fab31b02cd\" role=\"button\" data-toggle=\"collapse\" data-parent=\"#accordion-2220-2\" data-target=\"#ac50f14fab31b02cd\" href=\"#ac50f14fab31b02cd\"><span class=\"fusion-toggle-icon-wrapper\" aria-hidden=\"true\"><i class=\"fa-fusion-box active-icon awb-icon-minus\" aria-hidden=\"true\"><\/i><i class=\"fa-fusion-box inactive-icon awb-icon-plus\" aria-hidden=\"true\"><\/i><\/span><span class=\"fusion-toggle-heading\">\u00bfMi c\u00f3nyuge y yo necesitamos participar en la parte en l\u00ednea de la cohorte?<\/span><\/a><\/h4><\/div><div id=\"ac50f14fab31b02cd\" class=\"panel-collapse collapse\" aria-labelledby=\"toggle_ac50f14fab31b02cd\"><div class=\"panel-body toggle-content fusion-clearfix\">\n<p>\u00a1Para nada! Nos damos cuenta de que cada pareja tiene diferentes responsabilidades y limitaciones de horario. Deseamos honrarlos y no requerimos que ambos c\u00f3nyuges participen en l\u00ednea, pero invitamos a ambos c\u00f3nyuges a participar si as\u00ed lo desean.<span class=\"Apple-converted-space\">\u00a0 <\/span>Si ambos c\u00f3nyuges no participan en l\u00ednea, simplemente les pedimos que discutan juntos lo que se est\u00e1 aprendiendo en l\u00ednea. H\u00e1gale saber a nuestro equipo qu\u00e9 funciona mejor para usted y su c\u00f3nyuge para que podamos garantizar una inscripci\u00f3n oportuna.<\/p>\n<p>La \u00fanica distinci\u00f3n a esto es si usted est\u00e1 planeando ser cco-pastor con su c\u00f3nyuge.<span data-teams=\"true\">Plantadoras de iglesias <strong>y co-pastores<\/strong> todos est\u00e1n obligados a completar tareas, llamadas introductorias,  de grupo y retiros.\u00a0<\/span><\/p>\n<\/div><\/div><\/div><div class=\"fusion-panel panel-default panel-10175b79b0537301e fusion-toggle-has-divider\"><div class=\"panel-heading\"><h4 class=\"panel-title toggle\" id=\"toggle_10175b79b0537301e\"><a aria-expanded=\"false\" aria-controls=\"10175b79b0537301e\" role=\"button\" data-toggle=\"collapse\" data-parent=\"#accordion-2220-2\" data-target=\"#10175b79b0537301e\" href=\"#10175b79b0537301e\"><span class=\"fusion-toggle-icon-wrapper\" aria-hidden=\"true\"><i class=\"fa-fusion-box active-icon awb-icon-minus\" aria-hidden=\"true\"><\/i><i class=\"fa-fusion-box inactive-icon awb-icon-plus\" aria-hidden=\"true\"><\/i><\/span><span class=\"fusion-toggle-heading\">\u00bfCu\u00e1l es el compromiso de tiempo promedio para Multiply?<\/span><\/a><\/h4><\/div><div id=\"10175b79b0537301e\" class=\"panel-collapse collapse\" aria-labelledby=\"toggle_10175b79b0537301e\"><div class=\"panel-body toggle-content fusion-clearfix\">\n<p>Nos damos cuenta de que cada uno de ustedes tiene vidas fuera de esta cohorte y, por lo tanto, hemos reducido los requisitos del curso para cumplir con eso. El compromiso de tiempo mensual t\u00edpico deber\u00eda ser para la mayor\u00eda de los participantes alrededor de 9 a 15 horas al mes. Nuevamente, la finalizaci\u00f3n del trabajo del curso, fuera de las llamadas introductorias y de grupo, se basa en lo que funciona mejor para su horario. Tendr\u00e1 que tener en cuenta las llamadas trimestrales del equipo asesor y los ritmos de las manos y el coraz\u00f3n, pero tambi\u00e9n se pueden hacer en los momentos \u00f3ptimos para usted)<\/p>\n<\/div><\/div><\/div><div class=\"fusion-panel panel-default panel-9b480d301cfe44c1c fusion-toggle-has-divider\"><div class=\"panel-heading\"><h4 class=\"panel-title toggle\" id=\"toggle_9b480d301cfe44c1c\"><a aria-expanded=\"false\" aria-controls=\"9b480d301cfe44c1c\" role=\"button\" data-toggle=\"collapse\" data-parent=\"#accordion-2220-2\" data-target=\"#9b480d301cfe44c1c\" href=\"#9b480d301cfe44c1c\"><span class=\"fusion-toggle-icon-wrapper\" aria-hidden=\"true\"><i class=\"fa-fusion-box active-icon awb-icon-minus\" aria-hidden=\"true\"><\/i><i class=\"fa-fusion-box inactive-icon awb-icon-plus\" aria-hidden=\"true\"><\/i><\/span><span class=\"fusion-toggle-heading\">\u00bfC\u00f3mo es la tarea?<\/span><\/a><\/h4><\/div><div id=\"9b480d301cfe44c1c\" class=\"panel-collapse collapse\" aria-labelledby=\"toggle_9b480d301cfe44c1c\"><div class=\"panel-body toggle-content fusion-clearfix\">\n<p>Foursquare Multiply  valora la creaci\u00f3n de aprendices de por vida, as\u00ed como la construcci\u00f3n de relaciones dentro de la estructura de la cohorte. Se requerir\u00e1 que los participantes completen este trabajo de curso (1 video de veinte minutos, 1 libro, art\u00edculo o tarea de lectura, 1 tarea de escritura o ejercicio relacionado con los materiales, una llamada introductor\u00eda y 1 llamada de  grupo v\u00eda Zoom)<\/p>\n<\/div><\/div><\/div><\/div><\/div><\/div><\/div><div class=\"fusion-layout-column fusion_builder_column fusion-builder-column-3 fusion_builder_column_1_1 1_1 fusion-flex-column\" style=\"--awb-bg-blend:overlay;--awb-bg-size:cover;--awb-width-large:100%;--awb-margin-top-large:0px;--awb-spacing-right-large:1.92%;--awb-margin-bottom-large:20px;--awb-spacing-left-large:1.92%;--awb-width-medium:100%;--awb-spacing-right-medium:1.92%;--awb-spacing-left-medium:1.92%;--awb-width-small:100%;--awb-spacing-right-small:1.92%;--awb-spacing-left-small:1.92%;\"><div class=\"fusion-column-wrapper fusion-flex-justify-content-flex-start fusion-content-layout-column\"><div class=\"fusion-separator fusion-full-width-sep\" style=\"align-self: center;margin-left: auto;margin-right: auto;margin-top:20px;margin-bottom:20px;width:100%;\"><\/div><div class=\"fusion-text fusion-text-4\"><h2>Entrenamiento En Persona<span class=\"Apple-converted-space\">\u00a0<\/span><\/h2>\n<\/div><div class=\"accordian fusion-accordian\" style=\"--awb-border-size:1px;--awb-icon-size:16px;--awb-content-font-size:14px;--awb-icon-alignment:left;--awb-hover-color:#f9f9f9;--awb-border-color:#cccccc;--awb-background-color:#ffffff;--awb-divider-color:#e0dede;--awb-divider-hover-color:#e0dede;--awb-icon-color:#ffffff;--awb-title-color:#6fb3bc;--awb-content-color:#4f4e4e;--awb-icon-box-color:#333333;--awb-toggle-hover-accent-color:#6db3bd;--awb-title-font-family:&quot;Poppins&quot;;--awb-title-font-weight:200;--awb-title-font-style:normal;--awb-title-font-size:14px;--awb-content-font-family:&quot;Poppins&quot;;--awb-content-font-style:normal;--awb-content-font-weight:200;\"><div class=\"panel-group fusion-toggle-icon-boxed\" id=\"accordion-2220-3\"><div class=\"fusion-panel panel-default panel-d92324f2d6be22c02 fusion-toggle-has-divider\"><div class=\"panel-heading\"><h4 class=\"panel-title toggle\" id=\"toggle_d92324f2d6be22c02\"><a aria-expanded=\"false\" aria-controls=\"d92324f2d6be22c02\" role=\"button\" data-toggle=\"collapse\" data-parent=\"#accordion-2220-3\" data-target=\"#d92324f2d6be22c02\" href=\"#d92324f2d6be22c02\"><span class=\"fusion-toggle-icon-wrapper\" aria-hidden=\"true\"><i class=\"fa-fusion-box active-icon awb-icon-minus\" aria-hidden=\"true\"><\/i><i class=\"fa-fusion-box inactive-icon awb-icon-plus\" aria-hidden=\"true\"><\/i><\/span><span class=\"fusion-toggle-heading\">\u00bfD\u00f3nde se ubicar\u00e1 el entrenamiento en persona?<\/span><\/a><\/h4><\/div><div id=\"d92324f2d6be22c02\" class=\"panel-collapse collapse\" aria-labelledby=\"toggle_d92324f2d6be22c02\"><div class=\"panel-body toggle-content fusion-clearfix\">\n<p>Los entrenamientos en persona se llevan a cabo en un lugar diferente en los Estados Unidos. Esa informaci\u00f3n est\u00e1 disponible al comienzo de cada cohorte.<\/p>\n<\/div><\/div><\/div><div class=\"fusion-panel panel-default panel-0783971d73a7a0549 fusion-toggle-has-divider\"><div class=\"panel-heading\"><h4 class=\"panel-title toggle\" id=\"toggle_0783971d73a7a0549\"><a aria-expanded=\"false\" aria-controls=\"0783971d73a7a0549\" role=\"button\" data-toggle=\"collapse\" data-parent=\"#accordion-2220-3\" data-target=\"#0783971d73a7a0549\" href=\"#0783971d73a7a0549\"><span class=\"fusion-toggle-icon-wrapper\" aria-hidden=\"true\"><i class=\"fa-fusion-box active-icon awb-icon-minus\" aria-hidden=\"true\"><\/i><i class=\"fa-fusion-box inactive-icon awb-icon-plus\" aria-hidden=\"true\"><\/i><\/span><span class=\"fusion-toggle-heading\">\u00bfCu\u00e1les son las fechas para el entrenamiento en persona?<\/span><\/a><\/h4><\/div><div id=\"0783971d73a7a0549\" class=\"panel-collapse collapse\" aria-labelledby=\"toggle_0783971d73a7a0549\"><div class=\"panel-body toggle-content fusion-clearfix\">\n<p>Los entrenamientos en persona se realizan en noviembre y abril de cada a\u00f1o. Como los retiros solo est\u00e1n abiertos para aquellos inscritos en el entrenamiento, las fechas espec\u00edficas est\u00e1n disponibles al comienzo de cada cohorte.<\/p>\n<\/div><\/div><\/div><div class=\"fusion-panel panel-default panel-52f536d88ec0e6842 fusion-toggle-has-divider\"><div class=\"panel-heading\"><h4 class=\"panel-title toggle\" id=\"toggle_52f536d88ec0e6842\"><a aria-expanded=\"false\" aria-controls=\"52f536d88ec0e6842\" role=\"button\" data-toggle=\"collapse\" data-parent=\"#accordion-2220-3\" data-target=\"#52f536d88ec0e6842\" href=\"#52f536d88ec0e6842\"><span class=\"fusion-toggle-icon-wrapper\" aria-hidden=\"true\"><i class=\"fa-fusion-box active-icon awb-icon-minus\" aria-hidden=\"true\"><\/i><i class=\"fa-fusion-box inactive-icon awb-icon-plus\" aria-hidden=\"true\"><\/i><\/span><span class=\"fusion-toggle-heading\">\u00bfHay cuidado de ni\u00f1os disponible y puedo llevar a mis hijos al entrenamiento en persona?<\/span><\/a><\/h4><\/div><div id=\"52f536d88ec0e6842\" class=\"panel-collapse collapse\" aria-labelledby=\"toggle_52f536d88ec0e6842\"><div class=\"panel-body toggle-content fusion-clearfix\">\n<p>Desafortunadamente, debido a las limitaciones y restricciones de cada ubicaci\u00f3n, no podemos brindar cuidado de ni\u00f1os ni usted puede traer a sus hijos al entrenamiento en persona. Permitimos que los beb\u00e9s menores de dos a\u00f1os que necesitan permanecer con su madre asistan siempre que no interrumpan al entrenamiento.<span class=\"Apple-converted-space\">\u00a0 <\/span>Alentamos a las parejas a hablar sobre esto al comienzo de la cohorte, ya que les pedimos a ambos c\u00f3nyuges que asistan al entrenamiento en persona y nos damos cuenta de que esto puede significar un poco de planificaci\u00f3n adicional de antemano.<\/p>\n<\/div><\/div><\/div><div class=\"fusion-panel panel-default panel-233dc01e52ca12b69 fusion-toggle-has-divider\"><div class=\"panel-heading\"><h4 class=\"panel-title toggle\" id=\"toggle_233dc01e52ca12b69\"><a aria-expanded=\"false\" aria-controls=\"233dc01e52ca12b69\" role=\"button\" data-toggle=\"collapse\" data-parent=\"#accordion-2220-3\" data-target=\"#233dc01e52ca12b69\" href=\"#233dc01e52ca12b69\"><span class=\"fusion-toggle-icon-wrapper\" aria-hidden=\"true\"><i class=\"fa-fusion-box active-icon awb-icon-minus\" aria-hidden=\"true\"><\/i><i class=\"fa-fusion-box inactive-icon awb-icon-plus\" aria-hidden=\"true\"><\/i><\/span><span class=\"fusion-toggle-heading\">\u00bfMi c\u00f3nyuge necesita venir al entrenamiento en persona?<\/span><\/a><\/h4><\/div><div id=\"233dc01e52ca12b69\" class=\"panel-collapse collapse\" aria-labelledby=\"toggle_233dc01e52ca12b69\"><div class=\"panel-body toggle-content fusion-clearfix\">\n<p>Pedimos que ambos c\u00f3nyuges asistan al entrenamiento en persona.<\/p>\n<\/div><\/div><\/div><\/div><\/div><\/div><\/div><\/div><\/div><\/p>","protected":false},"excerpt":{"rendered":"","protected":false},"author":1,"featured_media":0,"parent":0,"menu_order":0,"comment_status":"closed","ping_status":"closed","template":"100-width.php","meta":{"footnotes":""},"class_list":["post-2220","page","type-page","status-publish","hentry"],"_links":{"self":[{"href":"http:\/\/foursquaremultiply.org\/es\/wp-json\/wp\/v2\/pages\/2220","targetHints":{"allow":["GET"]}}],"collection":[{"href":"http:\/\/foursquaremultiply.org\/es\/wp-json\/wp\/v2\/pages"}],"about":[{"href":"http:\/\/foursquaremultiply.org\/es\/wp-json\/wp\/v2\/types\/page"}],"author":[{"embeddable":true,"href":"http:\/\/foursquaremultiply.org\/es\/wp-json\/wp\/v2\/users\/1"}],"replies":[{"embeddable":true,"href":"http:\/\/foursquaremultiply.org\/es\/wp-json\/wp\/v2\/comments?post=2220"}],"version-history":[{"count":0,"href":"http:\/\/foursquaremultiply.org\/es\/wp-json\/wp\/v2\/pages\/2220\/revisions"}],"wp:attachment":[{"href":"http:\/\/foursquaremultiply.org\/es\/wp-json\/wp\/v2\/media?parent=2220"}],"curies":[{"name":"wp","href":"https:\/\/api.w.org\/{rel}","templated":true}]}}